{"id":20651,"date":"2015-01-13T08:41:10","date_gmt":"2015-01-13T07:41:10","guid":{"rendered":"http:\/\/www.bocciatitanium.com\/?page_id=20651"},"modified":"2015-02-25T06:59:10","modified_gmt":"2015-02-25T05:59:10","slug":"boccia-hakkinda","status":"publish","type":"page","link":"https:\/\/www.bocciatitanium.com\/tr\/boccia-hakkinda\/","title":{"rendered":"Hakk\u0131nda"},"content":{"rendered":"<h2>BOCCIA TITANIUM \u2013 SAAT VE M\u00dcCEVHERAT<\/h2>\n<p>Uluslararas\u0131 Tasar\u0131mc\u0131lar taraf\u0131ndan geli\u015ftirilmi\u015ftir. BOCCIA TITANIUM Koleksiyonuna ait t\u00fcm Titan bile\u015fenleri, \u00f6zel saf titanyum maddeden \u00fcretilmi\u015ftir. Hafiftir, y\u00fcksek mukavemetlidir ve cilt dostudur. Ayr\u0131ca korozyon (paslanmaya) ve s\u0131cakl\u0131\u011fa(\u0131s\u0131ya) dayan\u0131kl\u0131d\u0131r. T\u00fcm Seramik-Elementleri (Elemanlar\u0131) yenilik\u00e7i, \u00f6zellikle sa\u011flam ve cilde uygun malzemeden \u00fcretilmi\u015ftir.<\/p>\n<p>Y\u00fcksek kaliteli(nitelikli) ve uzun \u00f6m\u00fcrl\u00fc olarak tasarlanm\u0131\u015f \u00fcr\u00fcnler i\u00e7in idealdir. Gelecekte olacaklar i\u00e7in:  Bo\u015f zaman (etkinli\u011fi) (E\u011flence) i\u00e7in, Ofis i\u00e7in. Sizin i\u00e7in ve onun i\u00e7in.  Ve yeni, heyecan verici trendler i\u00e7in.<\/p>\n<p>BOCCIA T\u0130TANYUM \u00fcr\u00fcnlerimizden uzun s\u00fcreli keyif alacaks\u0131n\u0131z. Titanyumun sert ve dayan\u0131kl\u0131 olmas\u0131 sayesinde \u00e7izikler neredeyse hi\u00e7bir zaman kayda de\u011fer(\u00f6nemli) izler b\u0131rakmamaktad\u0131rlar Bu \u00e7izikler, mat ve f\u0131r\u00e7alanm\u0131\u015f y\u00fczeylerde, kuru bir temizleme s\u00fcngeri veya bir silgi yard\u0131m\u0131 ile (mavi, sert ucu ile)  genellikle(\u00e7o\u011funlukla) problemsiz olarak ve kolayca giderilmektedirler.  <\/p>\n<p>Onar\u0131m\u0131n(Tamirat\u0131n) gerekli olmas\u0131 halinde yetkili bir <a href=\"\/tr\/retailers\/\">BOCCIA TITANIUM Bayisine<\/a> ba\u015fvurman\u0131z rica olunur.<\/p>\n","protected":false},"excerpt":{"rendered":"<p>BOCCIA TITANIUM \u2013 SAAT VE M\u00dcCEVHERAT Uluslararas\u0131 Tasar\u0131mc\u0131lar taraf\u0131ndan geli\u015ftirilmi\u015ftir. BOCCIA TITANIUM Koleksiyonuna ait t\u00fcm Titan bile\u015fenleri, \u00f6zel saf titanyum maddeden \u00fcretilmi\u015ftir. Hafiftir, y\u00fcksek mukavemetlidir ve cilt dostudur. Ayr\u0131ca korozyon (paslanmaya) ve s\u0131cakl\u0131\u011fa(\u0131s\u0131ya) dayan\u0131kl\u0131d\u0131r. T\u00fcm Seramik-Elementleri (Elemanlar\u0131) yenilik\u00e7i, \u00f6zellikle sa\u011flam ve cilde uygun malzemeden \u00fcretilmi\u015ftir. Y\u00fcksek kaliteli(nitelikli) ve uzun \u00f6m\u00fcrl\u00fc olarak tasarlanm\u0131\u015f \u00fcr\u00fcnler i\u00e7in idealdir. [&hellip;]<\/p>\n","protected":false},"author":2,"featured_media":0,"parent":0,"menu_order":0,"comment_status":"open","ping_status":"open","template":"page-about.php","meta":{"footnotes":""},"class_list":["post-20651","page","type-page","status-publish","hentry"],"_links":{"self":[{"href":"https:\/\/www.bocciatitanium.com\/tr\/wp-json\/wp\/v2\/pages\/20651","targetHints":{"allow":["GET"]}}],"collection":[{"href":"https:\/\/www.bocciatitanium.com\/tr\/wp-json\/wp\/v2\/pages"}],"about":[{"href":"https:\/\/www.bocciatitanium.com\/tr\/wp-json\/wp\/v2\/types\/page"}],"author":[{"embeddable":true,"href":"https:\/\/www.bocciatitanium.com\/tr\/wp-json\/wp\/v2\/users\/2"}],"replies":[{"embeddable":true,"href":"https:\/\/www.bocciatitanium.com\/tr\/wp-json\/wp\/v2\/comments?post=20651"}],"version-history":[{"count":0,"href":"https:\/\/www.bocciatitanium.com\/tr\/wp-json\/wp\/v2\/pages\/20651\/revisions"}],"wp:attachment":[{"href":"https:\/\/www.bocciatitanium.com\/tr\/wp-json\/wp\/v2\/media?parent=20651"}],"curies":[{"name":"wp","href":"https:\/\/api.w.org\/{rel}","templated":true}]}}