{"id":20355,"date":"2013-11-19T09:58:03","date_gmt":"2013-11-19T08:58:03","guid":{"rendered":"http:\/\/www.bocciatitanium.com\/impressum-2\/"},"modified":"2020-07-17T18:38:26","modified_gmt":"2020-07-17T10:38:26","slug":"impressum","status":"publish","type":"page","link":"https:\/\/www.bocciatitanium.com\/nl\/impressum\/","title":{"rendered":"IMPRESSUM"},"content":{"rendered":"<p>Impressum<br \/>\nAlle Preise sind unverbindliche Preisempfehlungen der Tutima Uhrenfabrik GmbH.<\/p>\n<p><strong>Anbieterkennzeichnung nach TDG:<\/strong><\/p>\n<p>Tutima Uhrenfabrik GmbH<br \/>\nTrendelbuscher Weg 16-18<br \/>\n27777 Ganderkesee<br \/>\nDeutschland<\/p>\n<p>Tel: +49 4221 988320<br \/>\nFax: +49 4221 988377<\/p>\n<p>Email: info@bocciatitanium.de<br \/>\nInternet: www.bocciatitanium.de<\/p>\n<p>Vertretungsberechtigter Gesch\u00e4ftsf\u00fchrer:<br \/>\nJ\u00f6rg Delecate<\/p>\n<p>Registergericht:<br \/>\nAmtsgericht Oldenburg<\/p>\n<p>Registernummer:<br \/>\nHRB 140173<\/p>\n<p>UST-ID nach \u00a727a Umsatzsteuergesetz:<br \/>\nDE 117176471<\/p>\n<p>Inhaltlich Verantwortlicher nach \u00a75 TMG und \u00a755 RStV:<br \/>\nJ\u00f6rg Delecate<\/p>\n<p><strong>1. Haftungsbeschr\u00e4nkung<\/strong><\/p>\n<p>Die Inhalte dieser Website werden mit gr\u00f6\u00dftm\u00f6glicher Sorgfalt erstellt. Der Anbieter \u00fcbernimmt jedoch keine Gew\u00e4hr f\u00fcr die Richtigkeit, Vollst\u00e4ndigkeit und Aktualit\u00e4t der bereit gestellten Inhalte. Die Nutzung der Inhalte der Website erfolgt auf eigene Gefahr des Nutzers. Namentlich gekennzeichnete Beitr\u00e4ge geben die Meinung des jeweiligen Autors und nicht immer die Meinung des Anbieters wieder. Mit der reinen Nutzung der Website des Anbieters kommt keinerlei Vertragsverh\u00e4ltnis zwischen dem Nutzer und dem Anbieter zustande.<\/p>\n<p><strong>2. Externe Links<\/strong><\/p>\n<p>Diese Website enth\u00e4lt Verkn\u00fcpfungen zu Websites Dritter (\u201cexterne Links\u201d). Diese Websites unterliegen der Haftung der jeweiligen Betreiber. Der Anbieter hat bei der erstmaligen Verkn\u00fcpfung der externen Links die fremden Inhalte daraufhin \u00fcberpr\u00fcft, ob etwaige Rechtsverst\u00f6\u00dfe bestehen. Zu dem Zeitpunkt waren keine Rechtsverst\u00f6\u00dfe ersichtlich. Der Anbieter hat keinerlei Einfluss auf die aktuelle und zuk\u00fcnftige Gestaltung und auf die Inhalte der verkn\u00fcpften Seiten. Das Setzen von externen Links bedeutet nicht, dass sich der Anbieter die hinter dem Verweis oder Link liegenden Inhalte zu Eigen macht. Eine st\u00e4ndige Kontrolle der externen Links ist f\u00fcr den Anbieter ohne konkrete Hinweise auf Rechtsverst\u00f6\u00dfe nicht zumutbar. Bei Kenntnis von Rechtsverst\u00f6\u00dfen werden jedoch derartige externe Links unverz\u00fcglich gel\u00f6scht.<\/p>\n<p><strong>3. Urheberrecht<\/strong><\/p>\n<p>Die durch die Seitenbetreiber erstellten Inhalte und Werke auf diesen Seiten unterliegen dem deutschen Urheberrecht. Die Vervielf\u00e4ltigung, Bearbeitung, Verbreitung und jede Art der Verwertung au\u00dferhalb der Grenzen des Urheberrechtes bed\u00fcrfen der schriftlichen Zustimmung des jeweiligen Autors bzw. Erstellers. Downloads und Kopien dieser Seite sind nur f\u00fcr den privaten, nicht kommerziellen Gebrauch gestattet. Soweit die Inhalte auf dieser Seite nicht vom Betreiber erstellt wurden, werden die Urheberrechte Dritter beachtet. Insbesondere werden Inhalte Dritter als solche gekennzeichnet. Sollten Sie trotzdem auf eine Urheberrechtsverletzung aufmerksam werden, bitten wir um einen entsprechenden Hinweis. Bei Bekanntwerden von Rechtsverletzungen werden wir derartige Inhalte umgehend entfernen.<br \/>\nBoccia-Titanium ist eine eingetragene Marke. Eine Darstellung der Marke \u2013 gleich in welcher Form \u2013 darf ausschlie\u00dflich nur nach schriftlicher Genehmigung der Markenrechtsinhaber, namentlich der Tutima GmbH, erfolgen.<\/p>\n<p>Der Nutzung von im Rahmen der Impressumspflicht ver\u00f6ffentlichten Kontaktdaten durch Dritte zur \u00dcbersendung von nicht ausdr\u00fccklich angeforderter Werbung und Informationsmaterialien wird hiermit ausdr\u00fccklich widersprochen. Die Betreiber der Seiten behalten sich ausdr\u00fccklich rechtliche Schritte im Falle der unverlangten Zusendung von Werbeinformationen, etwa durch Spam-Mails, vor.<\/p>\n","protected":false},"excerpt":{"rendered":"<p>Impressum Alle Preise sind unverbindliche Preisempfehlungen der Tutima Uhrenfabrik GmbH. Anbieterkennzeichnung nach TDG: Tutima Uhrenfabrik GmbH Trendelbuscher Weg 16-18 27777 Ganderkesee Deutschland Tel: +49 4221 988320 Fax: +49 4221 988377 Email: info@bocciatitanium.de Internet: www.bocciatitanium.de Vertretungsberechtigter Gesch\u00e4ftsf\u00fchrer: J\u00f6rg Delecate Registergericht: Amtsgericht Oldenburg Registernummer: HRB 140173 UST-ID nach \u00a727a Umsatzsteuergesetz: DE 117176471 Inhaltlich Verantwortlicher nach \u00a75 TMG [&hellip;]<\/p>\n","protected":false},"author":2,"featured_media":0,"parent":0,"menu_order":0,"comment_status":"open","ping_status":"open","template":"page-blank-w100.php","meta":{"footnotes":""},"class_list":["post-20355","page","type-page","status-publish","hentry"],"_links":{"self":[{"href":"https:\/\/www.bocciatitanium.com\/nl\/wp-json\/wp\/v2\/pages\/20355","targetHints":{"allow":["GET"]}}],"collection":[{"href":"https:\/\/www.bocciatitanium.com\/nl\/wp-json\/wp\/v2\/pages"}],"about":[{"href":"https:\/\/www.bocciatitanium.com\/nl\/wp-json\/wp\/v2\/types\/page"}],"author":[{"embeddable":true,"href":"https:\/\/www.bocciatitanium.com\/nl\/wp-json\/wp\/v2\/users\/2"}],"replies":[{"embeddable":true,"href":"https:\/\/www.bocciatitanium.com\/nl\/wp-json\/wp\/v2\/comments?post=20355"}],"version-history":[{"count":0,"href":"https:\/\/www.bocciatitanium.com\/nl\/wp-json\/wp\/v2\/pages\/20355\/revisions"}],"wp:attachment":[{"href":"https:\/\/www.bocciatitanium.com\/nl\/wp-json\/wp\/v2\/media?parent=20355"}],"curies":[{"name":"wp","href":"https:\/\/api.w.org\/{rel}","templated":true}]}}