{"id":127932,"date":"2013-11-13T21:40:00","date_gmt":"2013-11-13T20:40:00","guid":{"rendered":"https:\/\/www.bocciatitanium.com\/faq-technische-aspekte\/"},"modified":"2023-06-03T18:23:35","modified_gmt":"2023-06-03T10:23:35","slug":"faq-technische-aspekte","status":"publish","type":"page","link":"https:\/\/www.bocciatitanium.com\/it\/faq-technische-aspekte\/","title":{"rendered":"FAQ &#8211; Aspetti tecnici"},"content":{"rendered":"<p><strong>Quali sono i vantaggi del titanio?<\/strong><br \/>\nIl titanio \u00e8 estremamente leggero, pi\u00f9 duro dell&#8217;acciaio inossidabile, resistente alla corrosione, antimagnetico e assolutamente delicato sulla pelle. Tutti i componenti in titanio della collezione BOCCIA TITANIUM sono realizzati in titanio puro.<\/p>\n<p><strong>Il mio orologio BOCCIA \u00e8 impermeabile?<\/strong><br \/>\nTutti gli orologi BOCCIA TITANIUM sono impermeabili. A seconda del modello, fino a 3, 5 o 10 bar, pari a circa 30, 50 o 100 metri. L&#8217;impermeabilit\u00e0 non \u00e8 una propriet\u00e0 permanente e deve essere verificata annualmente.<\/p>\n<p><strong>Dove si pu\u00f2 riparare il mio orologio?<\/strong><br \/>\nRivolgersi a un rivenditore autorizzato BOCCIA TITANIUM. Questi provvederanno a riparare l&#8217;orologio o a inviarlo al Servizio Assistenza BOCCIA.<\/p>\n<p><strong>Dove posso trovare un nuovo cinturino per il mio orologio?<\/strong><br \/>\nRivolgersi a un rivenditore autorizzato.<\/p>\n<p><strong>Cosa posso fare se la superficie \u00e8 graffiata?<\/strong><br \/>\nIl titanio \u00e8 un materiale duro e resistente. Pertanto, i graffi raramente penetrano in profondit\u00e0 nella superficie. Sulle superfici opache e spazzolate, possono essere facilmente rimossi, ad esempio con l&#8217;uso attento di una spugna per la pulizia a secco, come quella utilizzata per le lamiere domestiche, o anche con la parte blu e dura di una gomma da cancellare.<\/p>\n<p>&nbsp;<\/p>\n","protected":false},"excerpt":{"rendered":"<p>Quali sono i vantaggi del titanio? Il titanio \u00e8 estremamente leggero, pi\u00f9 duro dell&#8217;acciaio inossidabile, resistente alla corrosione, antimagnetico e assolutamente delicato sulla pelle. Tutti i componenti in titanio della collezione BOCCIA TITANIUM sono realizzati in titanio puro. Il mio orologio BOCCIA \u00e8 impermeabile? Tutti gli orologi BOCCIA TITANIUM sono impermeabili. A seconda del modello, [&hellip;]<\/p>\n","protected":false},"author":2,"featured_media":0,"parent":0,"menu_order":0,"comment_status":"open","ping_status":"open","template":"","meta":{"footnotes":""},"class_list":["post-127932","page","type-page","status-publish","hentry"],"_links":{"self":[{"href":"https:\/\/www.bocciatitanium.com\/it\/wp-json\/wp\/v2\/pages\/127932","targetHints":{"allow":["GET"]}}],"collection":[{"href":"https:\/\/www.bocciatitanium.com\/it\/wp-json\/wp\/v2\/pages"}],"about":[{"href":"https:\/\/www.bocciatitanium.com\/it\/wp-json\/wp\/v2\/types\/page"}],"author":[{"embeddable":true,"href":"https:\/\/www.bocciatitanium.com\/it\/wp-json\/wp\/v2\/users\/2"}],"replies":[{"embeddable":true,"href":"https:\/\/www.bocciatitanium.com\/it\/wp-json\/wp\/v2\/comments?post=127932"}],"version-history":[{"count":0,"href":"https:\/\/www.bocciatitanium.com\/it\/wp-json\/wp\/v2\/pages\/127932\/revisions"}],"wp:attachment":[{"href":"https:\/\/www.bocciatitanium.com\/it\/wp-json\/wp\/v2\/media?parent=127932"}],"curies":[{"name":"wp","href":"https:\/\/api.w.org\/{rel}","templated":true}]}}