{"id":20346,"date":"2014-11-04T12:24:08","date_gmt":"2014-11-04T11:24:08","guid":{"rendered":"http:\/\/www.bocciatitanium.com\/?page_id=20346"},"modified":"2014-11-04T12:25:56","modified_gmt":"2014-11-04T11:25:56","slug":"garantie-2","status":"publish","type":"page","link":"https:\/\/www.bocciatitanium.com\/fr\/garantie-2\/","title":{"rendered":"Garantie"},"content":{"rendered":"<p><span style=\"font-size: 13px;\">Pour votre BOCCIA-horloge, nous prenons sur la qualit\u00e9 des mat\u00e9riaux et la fabrication de la garantie l\u00e9gale, \u00e0 condition que l&rsquo;horloge a \u00e9t\u00e9 vendu par un BOCCIA revendeur agr\u00e9\u00e9. Durant cette p\u00e9riode, les dommages de fabrication sont r\u00e9par\u00e9s gratuitement. Sont exclus de la garantie: les d\u00e9fauts et les dommages dus \u00e0 une mauvaise utilisation, batterie, bracelet et le verre. Dans le cas d&rsquo;une r\u00e9clamation de garantie d\u00fbment compl\u00e9t\u00e9 par un certificat de garantie du concessionnaire BOCCIA autoris\u00e9 doit \u00eatre pr\u00e9sent\u00e9 en m\u00eame temps que l&rsquo;horloge. Co\u00fbts et les risques d&rsquo;exp\u00e9dition \u00e0 la charge de l&rsquo;exp\u00e9diteur. Peut-\u00eatre les droits des consommateurs nationaux diff\u00e9rents ne sont pas affect\u00e9s.<\/span><\/p>\n","protected":false},"excerpt":{"rendered":"<p>Pour votre BOCCIA-horloge, nous prenons sur la qualit\u00e9 des mat\u00e9riaux et la fabrication de la garantie l\u00e9gale, \u00e0 condition que l&rsquo;horloge a \u00e9t\u00e9 vendu par un BOCCIA revendeur agr\u00e9\u00e9. Durant cette p\u00e9riode, les dommages de fabrication sont r\u00e9par\u00e9s gratuitement. Sont exclus de la garantie: les d\u00e9fauts et les dommages dus \u00e0 une mauvaise utilisation, batterie, [&hellip;]<\/p>\n","protected":false},"author":2,"featured_media":0,"parent":0,"menu_order":0,"comment_status":"open","ping_status":"open","template":"","meta":{"footnotes":""},"class_list":["post-20346","page","type-page","status-publish","hentry"],"_links":{"self":[{"href":"https:\/\/www.bocciatitanium.com\/fr\/wp-json\/wp\/v2\/pages\/20346","targetHints":{"allow":["GET"]}}],"collection":[{"href":"https:\/\/www.bocciatitanium.com\/fr\/wp-json\/wp\/v2\/pages"}],"about":[{"href":"https:\/\/www.bocciatitanium.com\/fr\/wp-json\/wp\/v2\/types\/page"}],"author":[{"embeddable":true,"href":"https:\/\/www.bocciatitanium.com\/fr\/wp-json\/wp\/v2\/users\/2"}],"replies":[{"embeddable":true,"href":"https:\/\/www.bocciatitanium.com\/fr\/wp-json\/wp\/v2\/comments?post=20346"}],"version-history":[{"count":0,"href":"https:\/\/www.bocciatitanium.com\/fr\/wp-json\/wp\/v2\/pages\/20346\/revisions"}],"wp:attachment":[{"href":"https:\/\/www.bocciatitanium.com\/fr\/wp-json\/wp\/v2\/media?parent=20346"}],"curies":[{"name":"wp","href":"https:\/\/api.w.org\/{rel}","templated":true}]}}