{"id":19699,"date":"2013-09-30T18:27:06","date_gmt":"2013-09-30T16:27:06","guid":{"rendered":"http:\/\/www.bocciatitanium.com\/?page_id=19699"},"modified":"2014-11-04T11:46:27","modified_gmt":"2014-11-04T10:46:27","slug":"a-propos","status":"publish","type":"page","link":"https:\/\/www.bocciatitanium.com\/fr\/a-propos\/","title":{"rendered":"\u00c0 propos de Boccia"},"content":{"rendered":"<h2>BOCCIA TITANIUM \u2013 watch and jewel.<\/h2>\n<p>D\u00e9velopp\u00e9 par des designers internationaux. Tous les composants en titane de collection BOCCIA TITANIUM sont fabriqu\u00e9s en titane pur; le mat\u00e9riel particulier. Il est facile, haute r\u00e9sistance et tr\u00e8s doux pour la peau. En outre, il est r\u00e9sistant \u00e0 la corrosion et r\u00e9sistant \u00e0 la temp\u00e9rature. Tous les \u00e9l\u00e9ments en c\u00e9ramique sont faits, le mat\u00e9riau plein innovant en c\u00e9ramique, en particulier solide et agr\u00e9able sur la peau. <\/p>\n<p>Id\u00e9al pour une grande qualit\u00e9 et con\u00e7u pour les produits de la long\u00e9vit\u00e9. Pour tout ce qui vient: Pour les loisirs, pour le bureau. Pour lui et pour elle. Et de nouvelles tendances. <\/p>\n<p>Vous aurez plaisir \u00e0 long terme de nos produits en BOCCIA TITANIUM. Parce que le titane est dur et r\u00e9sistant, rayer les traces \u00e0 peine appr\u00e9ciables. Avec une \u00e9ponge de nettoyage \u00e0 sec ou avec une gomme de crayon (le, de fin bleu dur), ils peuvent \u00eatre facilement enlev\u00e9s et facilement habituellement dans des surfaces mates et bross\u00e9es. <\/p>\n<p>Si une r\u00e9paration est n\u00e9cessaire, contactez un BOCCIA TITANIUM <a href=\"\/fr\/retailers\/\">revendeur agr\u00e9\u00e9<\/a>.<\/p>\n","protected":false},"excerpt":{"rendered":"<p>BOCCIA TITANIUM \u2013 watch and jewel. D\u00e9velopp\u00e9 par des designers internationaux. Tous les composants en titane de collection BOCCIA TITANIUM sont fabriqu\u00e9s en titane pur; le mat\u00e9riel particulier. Il est facile, haute r\u00e9sistance et tr\u00e8s doux pour la peau. En outre, il est r\u00e9sistant \u00e0 la corrosion et r\u00e9sistant \u00e0 la temp\u00e9rature. Tous les \u00e9l\u00e9ments [&hellip;]<\/p>\n","protected":false},"author":2,"featured_media":0,"parent":0,"menu_order":0,"comment_status":"open","ping_status":"open","template":"page-about.php","meta":{"footnotes":""},"class_list":["post-19699","page","type-page","status-publish","hentry"],"_links":{"self":[{"href":"https:\/\/www.bocciatitanium.com\/fr\/wp-json\/wp\/v2\/pages\/19699","targetHints":{"allow":["GET"]}}],"collection":[{"href":"https:\/\/www.bocciatitanium.com\/fr\/wp-json\/wp\/v2\/pages"}],"about":[{"href":"https:\/\/www.bocciatitanium.com\/fr\/wp-json\/wp\/v2\/types\/page"}],"author":[{"embeddable":true,"href":"https:\/\/www.bocciatitanium.com\/fr\/wp-json\/wp\/v2\/users\/2"}],"replies":[{"embeddable":true,"href":"https:\/\/www.bocciatitanium.com\/fr\/wp-json\/wp\/v2\/comments?post=19699"}],"version-history":[{"count":0,"href":"https:\/\/www.bocciatitanium.com\/fr\/wp-json\/wp\/v2\/pages\/19699\/revisions"}],"wp:attachment":[{"href":"https:\/\/www.bocciatitanium.com\/fr\/wp-json\/wp\/v2\/media?parent=19699"}],"curies":[{"name":"wp","href":"https:\/\/api.w.org\/{rel}","templated":true}]}}