{"id":91,"date":"2013-11-13T20:34:56","date_gmt":"2013-11-13T19:34:56","guid":{"rendered":"http:\/\/acc913cc44.url-de-test.ws\/?page_id=91"},"modified":"2013-12-03T04:11:14","modified_gmt":"2013-12-03T03:11:14","slug":"garantie","status":"publish","type":"page","link":"https:\/\/www.bocciatitanium.com\/de\/garantie\/","title":{"rendered":"Garantie"},"content":{"rendered":"<p><span style=\"font-size: 13px;\">F\u00fcr Ihre BOCCIA-Uhr \u00fcbernehmen wir auf die Qualit\u00e4t von Material und Fertigung die gesetzliche Garantie, vorausgesetzt dass die Uhr von einem autorisierten BOCCIA-H\u00e4ndler verkauft worden ist. Innerhalb dieses Zeitraumes werden Fabrikationssch\u00e4den kostenlos behoben. Von der Garantie ausgenommen sind: M\u00e4ngel und Sch\u00e4den durch unsachgem\u00e4\u00dfen Gebrauch, Batterie, Armband und Glas. Im Falle eines Garantieanspruchs ist der ordnungsgem\u00e4\u00df vom autorisierten BOCCIA-H\u00e4ndler ausgef\u00fcllte Garantieschein zusammen mit der Uhr vorzulegen. Versandkosten und -risiko tr\u00e4gt der Absender. Eventuell abweichende innerstaatliche Verbraucher-Rechte werden hierdurch nicht ber\u00fchrt.<\/span><\/p>\n","protected":false},"excerpt":{"rendered":"<p>F\u00fcr Ihre BOCCIA-Uhr \u00fcbernehmen wir auf die Qualit\u00e4t von Material und Fertigung die gesetzliche Garantie, vorausgesetzt dass die Uhr von einem autorisierten BOCCIA-H\u00e4ndler verkauft worden ist. Innerhalb dieses Zeitraumes werden Fabrikationssch\u00e4den kostenlos behoben. Von der Garantie ausgenommen sind: M\u00e4ngel und Sch\u00e4den durch unsachgem\u00e4\u00dfen Gebrauch, Batterie, Armband und Glas. Im Falle eines Garantieanspruchs ist der ordnungsgem\u00e4\u00df [&hellip;]<\/p>\n","protected":false},"author":2,"featured_media":0,"parent":0,"menu_order":0,"comment_status":"open","ping_status":"open","template":"","meta":{"footnotes":""},"class_list":["post-91","page","type-page","status-publish","hentry"],"_links":{"self":[{"href":"https:\/\/www.bocciatitanium.com\/de\/wp-json\/wp\/v2\/pages\/91","targetHints":{"allow":["GET"]}}],"collection":[{"href":"https:\/\/www.bocciatitanium.com\/de\/wp-json\/wp\/v2\/pages"}],"about":[{"href":"https:\/\/www.bocciatitanium.com\/de\/wp-json\/wp\/v2\/types\/page"}],"author":[{"embeddable":true,"href":"https:\/\/www.bocciatitanium.com\/de\/wp-json\/wp\/v2\/users\/2"}],"replies":[{"embeddable":true,"href":"https:\/\/www.bocciatitanium.com\/de\/wp-json\/wp\/v2\/comments?post=91"}],"version-history":[{"count":0,"href":"https:\/\/www.bocciatitanium.com\/de\/wp-json\/wp\/v2\/pages\/91\/revisions"}],"wp:attachment":[{"href":"https:\/\/www.bocciatitanium.com\/de\/wp-json\/wp\/v2\/media?parent=91"}],"curies":[{"name":"wp","href":"https:\/\/api.w.org\/{rel}","templated":true}]}}