{"id":20348,"date":"2014-11-04T12:25:08","date_gmt":"2014-11-04T11:25:08","guid":{"rendered":"http:\/\/www.bocciatitanium.com\/?page_id=20348"},"modified":"2019-11-15T22:11:49","modified_gmt":"2019-11-15T14:11:49","slug":"zaruka","status":"publish","type":"page","link":"https:\/\/www.bocciatitanium.com\/cs\/zaruka\/","title":{"rendered":"Z\u00e1ruka"},"content":{"rendered":"<p><span style=\"font-size: 13px;\">Z\u00e1ruka na Va\u0161e hodinky BOCCIA TITANIUM se vtahuje pouze na hodinky, kter\u00e9 byly zakoupeny u autorizovan\u00e9ho prodejce. Z\u00e1vady vznikl\u00e9 b\u011bhem z\u00e1ru\u010dn\u00ed doby chybou v\u00fdroby nebo vadou materi\u00e1lu budou opraveny bezplatn\u011b. Z\u00e1ruka se nevztahuje na \u0161kody vznikl\u00e9 nespr\u00e1vn\u00fdm u\u017e\u00edv\u00e1n\u00edm, baterii, \u0159em\u00ednek a sklo. Pro uplatn\u011bn\u00ed z\u00e1ruky mus\u00ed b\u00fdt spolu s hodinkami p\u0159edlo\u017een \u0159\u00e1dn\u011b vypln\u011bn\u00fd z\u00e1ru\u010dn\u00ed list. N\u00e1klady na dopravu hrad\u00ed odes\u00edlatel. Mo\u017en\u00e9 rozd\u00edly spot\u0159ebitelsk\u00e9ho pr\u00e1va mezi zem\u011bmi nejsou zahrnuty.<\/span><\/p>\n","protected":false},"excerpt":{"rendered":"<p>Z\u00e1ruka na Va\u0161e hodinky BOCCIA TITANIUM se vtahuje pouze na hodinky, kter\u00e9 byly zakoupeny u autorizovan\u00e9ho prodejce. Z\u00e1vady vznikl\u00e9 b\u011bhem z\u00e1ru\u010dn\u00ed doby chybou v\u00fdroby nebo vadou materi\u00e1lu budou opraveny bezplatn\u011b. Z\u00e1ruka se nevztahuje na \u0161kody vznikl\u00e9 nespr\u00e1vn\u00fdm u\u017e\u00edv\u00e1n\u00edm, baterii, \u0159em\u00ednek a sklo. Pro uplatn\u011bn\u00ed z\u00e1ruky mus\u00ed b\u00fdt spolu s hodinkami p\u0159edlo\u017een \u0159\u00e1dn\u011b vypln\u011bn\u00fd z\u00e1ru\u010dn\u00ed list. [&hellip;]<\/p>\n","protected":false},"author":2,"featured_media":0,"parent":0,"menu_order":0,"comment_status":"open","ping_status":"open","template":"","meta":{"footnotes":""},"class_list":["post-20348","page","type-page","status-publish","hentry"],"_links":{"self":[{"href":"https:\/\/www.bocciatitanium.com\/cs\/wp-json\/wp\/v2\/pages\/20348","targetHints":{"allow":["GET"]}}],"collection":[{"href":"https:\/\/www.bocciatitanium.com\/cs\/wp-json\/wp\/v2\/pages"}],"about":[{"href":"https:\/\/www.bocciatitanium.com\/cs\/wp-json\/wp\/v2\/types\/page"}],"author":[{"embeddable":true,"href":"https:\/\/www.bocciatitanium.com\/cs\/wp-json\/wp\/v2\/users\/2"}],"replies":[{"embeddable":true,"href":"https:\/\/www.bocciatitanium.com\/cs\/wp-json\/wp\/v2\/comments?post=20348"}],"version-history":[{"count":0,"href":"https:\/\/www.bocciatitanium.com\/cs\/wp-json\/wp\/v2\/pages\/20348\/revisions"}],"wp:attachment":[{"href":"https:\/\/www.bocciatitanium.com\/cs\/wp-json\/wp\/v2\/media?parent=20348"}],"curies":[{"name":"wp","href":"https:\/\/api.w.org\/{rel}","templated":true}]}}