{"id":19704,"date":"2013-09-30T18:27:06","date_gmt":"2013-09-30T16:27:06","guid":{"rendered":"http:\/\/www.bocciatitanium.com\/?page_id=19704"},"modified":"2017-11-02T10:19:00","modified_gmt":"2017-11-02T09:19:00","slug":"o-boccia","status":"publish","type":"page","link":"https:\/\/www.bocciatitanium.com\/cs\/o-boccia\/","title":{"rendered":"O Boccia"},"content":{"rendered":"<h2>BOCCIA TITANIUM \u2013 HODINKY A \u0160PERKY<\/h2>\n<p>Navr\u017eeno design\u00e9ry z cel\u00e9ho sv\u011bta. V\u0161echny titanov\u00e9 komponenty kolekce BOCCIA TITANIUM jsou vyrobeny z \u010dist\u00e9ho titanu \u2013 v\u00fdjime\u010dn\u00e9ho materi\u00e1lu.<br \/>\nJe lehk\u00fd, vysoce odoln\u00fd a velmi dob\u0159e sn\u00e1\u0161en poko\u017ekou. Nav\u00edc je odoln\u00fd v\u016f\u010di korozi a zm\u011bn\u00e1m teplot. V\u0161echny keramick\u00e9 elementy jsou celokeramick\u00e9, inovativn\u00ed, obzvl\u00e1\u0161\u0165 pevn\u00e9 a velmi dob\u0159e sn\u00e1\u0161en\u00e9 poko\u017ekou. <\/p>\n<p>V\u0161echny v\u00fdrobky se vyzna\u010duj\u00ed vysokou kvalitou a odolnost\u00ed. Budou V\u00e1s dlouho doprov\u00e1zet p\u0159i v\u0161ech p\u0159\u00edle\u017eitostech, ve voln\u00e9m \u010dase i v pr\u00e1ci. D\u00e1msk\u00e1 i p\u00e1nsk\u00e1 kolekce je st\u00e1le pln\u00e1 nov\u00fdch trend\u016f, kter\u00e9 V\u00e1s nadchnou.<\/p>\n<p>Ze \u0161perk\u016f a hodinek BOCCIA TITANIUM budete m\u00edt radost po dlouh\u00e9 roky. Proto\u017ee titan je tvrd\u00fd a odoln\u00fd, m\u00e1lokdy se po\u0161kr\u00e1be. P\u0159\u00edpadn\u00fdch \u0161kr\u00e1banc\u016f na matn\u00fdch povr\u0161\u00edch se lze obvykle snadno zbavit suchou houbi\u010dkou na n\u00e1dob\u00ed nebo modr\u00fdm, tvrd\u0161\u00edm koncem gumy na gumov\u00e1n\u00ed. <\/p>\n<p>Pokud by Va\u0161e hodinky nebo \u0161perky vy\u017eadovaly opravu, obra\u0165te se na autorizovan\u00e9ho <a href=\"\/cs\/retailers\/\">prodejce BOCCIA TITANIUM<\/a>.<\/p>\n","protected":false},"excerpt":{"rendered":"<p>BOCCIA TITANIUM \u2013 HODINKY A \u0160PERKY Navr\u017eeno design\u00e9ry z cel\u00e9ho sv\u011bta. V\u0161echny titanov\u00e9 komponenty kolekce BOCCIA TITANIUM jsou vyrobeny z \u010dist\u00e9ho titanu \u2013 v\u00fdjime\u010dn\u00e9ho materi\u00e1lu. Je lehk\u00fd, vysoce odoln\u00fd a velmi dob\u0159e sn\u00e1\u0161en poko\u017ekou. Nav\u00edc je odoln\u00fd v\u016f\u010di korozi a zm\u011bn\u00e1m teplot. V\u0161echny keramick\u00e9 elementy jsou celokeramick\u00e9, inovativn\u00ed, obzvl\u00e1\u0161\u0165 pevn\u00e9 a velmi dob\u0159e sn\u00e1\u0161en\u00e9 poko\u017ekou. [&hellip;]<\/p>\n","protected":false},"author":2,"featured_media":0,"parent":0,"menu_order":0,"comment_status":"open","ping_status":"open","template":"page-about.php","meta":{"footnotes":""},"class_list":["post-19704","page","type-page","status-publish","hentry"],"_links":{"self":[{"href":"https:\/\/www.bocciatitanium.com\/cs\/wp-json\/wp\/v2\/pages\/19704","targetHints":{"allow":["GET"]}}],"collection":[{"href":"https:\/\/www.bocciatitanium.com\/cs\/wp-json\/wp\/v2\/pages"}],"about":[{"href":"https:\/\/www.bocciatitanium.com\/cs\/wp-json\/wp\/v2\/types\/page"}],"author":[{"embeddable":true,"href":"https:\/\/www.bocciatitanium.com\/cs\/wp-json\/wp\/v2\/users\/2"}],"replies":[{"embeddable":true,"href":"https:\/\/www.bocciatitanium.com\/cs\/wp-json\/wp\/v2\/comments?post=19704"}],"version-history":[{"count":0,"href":"https:\/\/www.bocciatitanium.com\/cs\/wp-json\/wp\/v2\/pages\/19704\/revisions"}],"wp:attachment":[{"href":"https:\/\/www.bocciatitanium.com\/cs\/wp-json\/wp\/v2\/media?parent=19704"}],"curies":[{"name":"wp","href":"https:\/\/api.w.org\/{rel}","templated":true}]}}