{"id":20188,"date":"2013-10-08T21:50:02","date_gmt":"2013-10-08T19:50:02","guid":{"rendered":"http:\/\/www.bocciatitanium.com\/ueber-boccia-2\/"},"modified":"2018-07-31T18:51:51","modified_gmt":"2018-07-31T10:51:51","slug":"ueber-boccia","status":"publish","type":"page","link":"https:\/\/www.bocciatitanium.com\/ch\/ueber-boccia\/","title":{"rendered":"\u00dcber Boccia"},"content":{"rendered":"<h2>BOCCIA TITANIUM \u2013 watch and jewel.<\/h2>\n<p>Von internationalen Designern entwickelt. Alle Titan-Bestandteile der BOCCIA TITANIUM Kollektion sind aus Reintitan gefertigt; dem besonderen Material. Es ist leicht, von hoher Festigkeit und absolut hautfreundlich. Zudem ist es korrosions- und temperaturbest\u00e4ndig. Alle Ceramic-Elemente sind aus Voll-Ceramic gefertigt, dem innovativen, besonders festen und hautvertr\u00e4glichen Material.<\/p>\n<p>Ideal f\u00fcr hochwertige und auf Langlebigkeit ausgelegte Produkte. F\u00fcr alles was kommt: F\u00fcr die Freizeit, f\u00fcrs B\u00fcro. F\u00fcr sie und f\u00fcr ihn. Und f\u00fcr neue spannende Trends.<\/p>\n<p>Sie werden lange Freude an unseren BOCCIA TITANIUM-Produkten haben. Weil Titan hart und widerstandsf\u00e4hig ist, hinterlassen Kratzer kaum nennenswerte Spuren. Mit einem trockenen Reinigungsschwamm oder mit einem Radiergummi (dem blauen, harten Ende) lassen sich diese bei matten und geb\u00fcrsteten Oberfl\u00e4chen meistens problemlos und leicht entfernen. <\/p>\n<p>Sollte eine Reparatur notwendig werden, wenden Sie sich bitte an einen autorisierten BOCCIA TITANIUM <a href=\"\/ch\/retailers\/\">Fachh\u00e4ndler<\/a>.<\/p>\n","protected":false},"excerpt":{"rendered":"<p>BOCCIA TITANIUM \u2013 watch and jewel. Von internationalen Designern entwickelt. Alle Titan-Bestandteile der BOCCIA TITANIUM Kollektion sind aus Reintitan gefertigt; dem besonderen Material. Es ist leicht, von hoher Festigkeit und absolut hautfreundlich. Zudem ist es korrosions- und temperaturbest\u00e4ndig. Alle Ceramic-Elemente sind aus Voll-Ceramic gefertigt, dem innovativen, besonders festen und hautvertr\u00e4glichen Material. Ideal f\u00fcr hochwertige und [&hellip;]<\/p>\n","protected":false},"author":2,"featured_media":0,"parent":0,"menu_order":0,"comment_status":"open","ping_status":"open","template":"page-about.php","meta":{"footnotes":""},"class_list":["post-20188","page","type-page","status-publish","hentry"],"_links":{"self":[{"href":"https:\/\/www.bocciatitanium.com\/ch\/wp-json\/wp\/v2\/pages\/20188","targetHints":{"allow":["GET"]}}],"collection":[{"href":"https:\/\/www.bocciatitanium.com\/ch\/wp-json\/wp\/v2\/pages"}],"about":[{"href":"https:\/\/www.bocciatitanium.com\/ch\/wp-json\/wp\/v2\/types\/page"}],"author":[{"embeddable":true,"href":"https:\/\/www.bocciatitanium.com\/ch\/wp-json\/wp\/v2\/users\/2"}],"replies":[{"embeddable":true,"href":"https:\/\/www.bocciatitanium.com\/ch\/wp-json\/wp\/v2\/comments?post=20188"}],"version-history":[{"count":0,"href":"https:\/\/www.bocciatitanium.com\/ch\/wp-json\/wp\/v2\/pages\/20188\/revisions"}],"wp:attachment":[{"href":"https:\/\/www.bocciatitanium.com\/ch\/wp-json\/wp\/v2\/media?parent=20188"}],"curies":[{"name":"wp","href":"https:\/\/api.w.org\/{rel}","templated":true}]}}