{"id":20361,"date":"2013-11-13T21:40:00","date_gmt":"2013-11-13T20:40:00","guid":{"rendered":"http:\/\/www.bocciatitanium.com\/faq-technische-aspekte-3\/"},"modified":"2023-06-03T18:25:26","modified_gmt":"2023-06-03T10:25:26","slug":"faq-technische-aspekte","status":"publish","type":"page","link":"https:\/\/www.bocciatitanium.com\/at\/faq-technische-aspekte\/","title":{"rendered":"FAQ \u2013 TECHNISCHE ASPEKTE"},"content":{"rendered":"<p><strong>Was sind die Vorteile von Titan?<\/strong><br \/>\nTitan ist extrem leicht, h\u00e4rter als Edelstahl, korrosionsbest\u00e4ndig, antimagnetisch und absolut hautfreundlich. Alle Titanbestandteile der BOCCIA TITANIUM Kollektion sind aus Reintitan gefertigt.<\/p>\n<p><strong>Ist meine BOCCIA-Uhr wasserdicht?<\/strong><br \/>\nAlle BOCCIA TITANIUM-Uhren sind wassergesch\u00fctzt. Je nach Konstruktion bis zu 3, 5 oder 10 bar, gleich ca. 30, 50 oder 100 Meter. Wasserdichtigkeit ist keine bleibende Eigenschaft und sollte j\u00e4hrlich \u00fcberpr\u00fcft werden.<\/p>\n<p><strong>Wo kann meine Uhr repariert werden?<\/strong><br \/>\nBitte wenden Sie sich an einen autorisierten BOCCIA TITANIUM-Fachh\u00e4ndler. Hier wird man Ihre Uhr reparieren oder f\u00fcr Sie an den BOCCIA-Service einsenden.<\/p>\n<p><strong>Wo bekomme ich ein neues Armband f\u00fcr meine Uhr?<\/strong><br \/>\nBitte wenden Sie sich an einen autorisierten Fachh\u00e4ndler.<\/p>\n<p><strong>Was kann ich tun, wenn die Oberfl\u00e4che Kratzer aufweist?<\/strong><br \/>\nTitan ist ein hartes, widerstandsf\u00e4higes Material. Eventuelle Kratzer gehen deshalb selten tief in die Oberfl\u00e4che. Bei matten und geb\u00fcrsteten Oberfl\u00e4chen lassen sie sich leicht entfernen, z.B. unter vorsichtiger Benutzung eines trockenen Reinigungsschwammes, wie sie f\u00fcr Haushaltsbleche benutzt werden, oder auch mit dem blauen, harten Teil eines Radiergummis.<\/p>\n<p>&nbsp;<\/p>\n","protected":false},"excerpt":{"rendered":"<p>Was sind die Vorteile von Titan? Titan ist extrem leicht, h\u00e4rter als Edelstahl, korrosionsbest\u00e4ndig, antimagnetisch und absolut hautfreundlich. Alle Titanbestandteile der BOCCIA TITANIUM Kollektion sind aus Reintitan gefertigt. Ist meine BOCCIA-Uhr wasserdicht? Alle BOCCIA TITANIUM-Uhren sind wassergesch\u00fctzt. Je nach Konstruktion bis zu 3, 5 oder 10 bar, gleich ca. 30, 50 oder 100 Meter. Wasserdichtigkeit [&hellip;]<\/p>\n","protected":false},"author":2,"featured_media":0,"parent":0,"menu_order":0,"comment_status":"open","ping_status":"open","template":"","meta":{"footnotes":""},"class_list":["post-20361","page","type-page","status-publish","hentry"],"_links":{"self":[{"href":"https:\/\/www.bocciatitanium.com\/at\/wp-json\/wp\/v2\/pages\/20361","targetHints":{"allow":["GET"]}}],"collection":[{"href":"https:\/\/www.bocciatitanium.com\/at\/wp-json\/wp\/v2\/pages"}],"about":[{"href":"https:\/\/www.bocciatitanium.com\/at\/wp-json\/wp\/v2\/types\/page"}],"author":[{"embeddable":true,"href":"https:\/\/www.bocciatitanium.com\/at\/wp-json\/wp\/v2\/users\/2"}],"replies":[{"embeddable":true,"href":"https:\/\/www.bocciatitanium.com\/at\/wp-json\/wp\/v2\/comments?post=20361"}],"version-history":[{"count":0,"href":"https:\/\/www.bocciatitanium.com\/at\/wp-json\/wp\/v2\/pages\/20361\/revisions"}],"wp:attachment":[{"href":"https:\/\/www.bocciatitanium.com\/at\/wp-json\/wp\/v2\/media?parent=20361"}],"curies":[{"name":"wp","href":"https:\/\/api.w.org\/{rel}","templated":true}]}}